{"id":11,"date":"2018-11-26T12:45:57","date_gmt":"2018-11-26T12:45:57","guid":{"rendered":"https:\/\/adnativeagency.com\/about\/"},"modified":"2024-04-17T15:19:18","modified_gmt":"2024-04-17T15:19:18","slug":"about","status":"publish","type":"page","link":"https:\/\/adnativeagency.com\/ro\/about\/","title":{"rendered":"Despre noi"},"content":{"rendered":"<div data-elementor-type=\"wp-post\" data-elementor-id=\"11\" class=\"elementor elementor-11\" data-elementor-settings=\"[]\">\n\t\t\t\t\t\t<div class=\"elementor-inner\">\n\t\t\t\t\t\t\t<div class=\"elementor-section-wrap\">\n\t\t\t\t\t\t\t<section class=\"elementor-section elementor-top-section elementor-element elementor-element-688ad38 elementor-section-content-middle elementor-section-boxed elementor-section-height-default elementor-section-height-default\" data-id=\"688ad38\" data-element_type=\"section\" data-settings=\"{&quot;background_background&quot;:&quot;classic&quot;}\">\n\t\t\t\t\t\t\t<div class=\"elementor-background-overlay\"><\/div>\n\t\t\t\t\t\t\t<div class=\"elementor-container elementor-column-gap-no\">\n\t\t\t\t\t\t\t<div class=\"elementor-row\">\n\t\t\t\t\t<div class=\"elementor-column elementor-col-100 elementor-top-column elementor-element elementor-element-148e58a\" data-id=\"148e58a\" data-element_type=\"column\">\n\t\t\t<div class=\"elementor-column-wrap elementor-element-populated\">\n\t\t\t\t\t\t\t<div class=\"elementor-widget-wrap\">\n\t\t\t\t\t\t<div class=\"elementor-element elementor-element-3a627c0 elementor-widget elementor-widget-text-editor\" data-id=\"3a627c0\" data-element_type=\"widget\" data-widget_type=\"text-editor.default\">\n\t\t\t\t<div class=\"elementor-widget-container\">\n\t\t\t\t\t<div class=\"elementor-text-editor elementor-clearfix\"><p class=\"h2\">Echipa noastr\u0103 este format\u0103 din exper\u021bi \u00een digital marketing  \u0219i strategie de brand\u00a0<\/p><\/div>\n\t\t\t\t<\/div>\n\t\t\t\t<\/div>\n\t\t\t\t\t\t<\/div>\n\t\t\t\t\t<\/div>\n\t\t<\/div>\n\t\t\t\t\t\t\t\t<\/div>\n\t\t\t\t\t<\/div>\n\t\t<\/section>\n\t\t\t\t<section class=\"elementor-section elementor-top-section elementor-element elementor-element-b412b33 elementor-section-full_width elementor-section-content-middle elementor-section-height-default elementor-section-height-default\" data-id=\"b412b33\" data-element_type=\"section\">\n\t\t\t\t\t\t<div class=\"elementor-container elementor-column-gap-no\">\n\t\t\t\t\t\t\t<div class=\"elementor-row\">\n\t\t\t\t\t<div class=\"elementor-column elementor-col-33 elementor-top-column elementor-element elementor-element-cce1d95\" data-id=\"cce1d95\" data-element_type=\"column\" data-settings=\"{&quot;background_background&quot;:&quot;classic&quot;}\">\n\t\t\t<div class=\"elementor-column-wrap elementor-element-populated\">\n\t\t\t\t\t\t\t<div class=\"elementor-widget-wrap\">\n\t\t\t\t\t\t<div class=\"elementor-element elementor-element-1631a2b elementor-widget elementor-widget-text-editor\" data-id=\"1631a2b\" data-element_type=\"widget\" data-widget_type=\"text-editor.default\">\n\t\t\t\t<div class=\"elementor-widget-container\">\n\t\t\t\t\t<div class=\"elementor-text-editor elementor-clearfix\"><h2 class=\"elementor-heading-title elementor-size-default elementor-inline-editing pen\" contenteditable=\"true\" data-elementor-setting-key=\"title\" data-pen-placeholder=\"Type Here...\"><strong>Partenerul t\u0103u \u00een cre\u0219terea v\u00e2nz\u0103rilor online<\/strong><\/h2><\/div>\n\t\t\t\t<\/div>\n\t\t\t\t<\/div>\n\t\t\t\t\t\t<\/div>\n\t\t\t\t\t<\/div>\n\t\t<\/div>\n\t\t\t\t<div class=\"elementor-column elementor-col-66 elementor-top-column elementor-element elementor-element-7fa7900\" data-id=\"7fa7900\" data-element_type=\"column\" data-settings=\"{&quot;background_background&quot;:&quot;classic&quot;}\">\n\t\t\t<div class=\"elementor-column-wrap elementor-element-populated\">\n\t\t\t\t\t<div class=\"elementor-background-overlay\"><\/div>\n\t\t\t\t\t\t\t<div class=\"elementor-widget-wrap\">\n\t\t\t\t\t\t<section class=\"elementor-section elementor-inner-section elementor-element elementor-element-53ecbb3 elementor-section-boxed elementor-section-height-default elementor-section-height-default\" data-id=\"53ecbb3\" data-element_type=\"section\" data-settings=\"{&quot;background_background&quot;:&quot;classic&quot;}\">\n\t\t\t\t\t\t<div class=\"elementor-container elementor-column-gap-default\">\n\t\t\t\t\t\t\t<div class=\"elementor-row\">\n\t\t\t\t\t<div class=\"elementor-column elementor-col-100 elementor-inner-column elementor-element elementor-element-1f52449\" data-id=\"1f52449\" data-element_type=\"column\">\n\t\t\t<div class=\"elementor-column-wrap elementor-element-populated\">\n\t\t\t\t\t\t\t<div class=\"elementor-widget-wrap\">\n\t\t\t\t\t\t<div class=\"elementor-element elementor-element-3ed6df6 elementor-widget elementor-widget-text-editor\" data-id=\"3ed6df6\" data-element_type=\"widget\" data-widget_type=\"text-editor.default\">\n\t\t\t\t<div class=\"elementor-widget-container\">\n\t\t\t\t\t<div class=\"elementor-text-editor elementor-clearfix\"><p>AdNative este o agen\u021bie boutique specializat\u0103 \u00een marketing digital. Dezvolt\u0103m prezen\u021ba online a companiei tale \u0219i implement\u0103m campanii de marketing personalizate \u0219i eficiente pentru a te ajuta s\u0103 cre\u0219ti vizibilitatea afacerii tale \u0219i s\u0103 ajungi mai u\u0219or la clien\u021bi.<\/p><\/div>\n\t\t\t\t<\/div>\n\t\t\t\t<\/div>\n\t\t\t\t\t\t<\/div>\n\t\t\t\t\t<\/div>\n\t\t<\/div>\n\t\t\t\t\t\t\t\t<\/div>\n\t\t\t\t\t<\/div>\n\t\t<\/section>\n\t\t\t\t\t\t<\/div>\n\t\t\t\t\t<\/div>\n\t\t<\/div>\n\t\t\t\t\t\t\t\t<\/div>\n\t\t\t\t\t<\/div>\n\t\t<\/section>\n\t\t\t\t<section class=\"elementor-section elementor-top-section elementor-element elementor-element-8105e30 elementor-section-boxed elementor-section-height-default elementor-section-height-default\" data-id=\"8105e30\" data-element_type=\"section\">\n\t\t\t\t\t\t<div class=\"elementor-container elementor-column-gap-default\">\n\t\t\t\t\t\t\t<div class=\"elementor-row\">\n\t\t\t\t\t<div class=\"elementor-column elementor-col-100 elementor-top-column elementor-element elementor-element-f149e63\" data-id=\"f149e63\" data-element_type=\"column\">\n\t\t\t<div class=\"elementor-column-wrap elementor-element-populated\">\n\t\t\t\t\t\t\t<div class=\"elementor-widget-wrap\">\n\t\t\t\t\t\t<div class=\"elementor-element elementor-element-4a0cba1 elementor-widget elementor-widget-heading\" data-id=\"4a0cba1\" data-element_type=\"widget\" data-widget_type=\"heading.default\">\n\t\t\t\t<div class=\"elementor-widget-container\">\n\t\t\t<h2 class=\"elementor-heading-title elementor-size-default\">Echipa noastr\u0103<\/h2>\t\t<\/div>\n\t\t\t\t<\/div>\n\t\t\t\t<div class=\"elementor-element elementor-element-1672151 elementor-widget elementor-widget-divider\" data-id=\"1672151\" data-element_type=\"widget\" data-widget_type=\"divider.default\">\n\t\t\t\t<div class=\"elementor-widget-container\">\n\t\t\t\t\t<div class=\"elementor-divider\">\n\t\t\t<span class=\"elementor-divider-separator\">\n\t\t\t\t\t\t<\/span>\n\t\t<\/div>\n\t\t\t\t<\/div>\n\t\t\t\t<\/div>\n\t\t\t\t<section class=\"elementor-section elementor-inner-section elementor-element elementor-element-7a77821 elementor-section-content-bottom elementor-section-boxed elementor-section-height-default elementor-section-height-default\" data-id=\"7a77821\" data-element_type=\"section\">\n\t\t\t\t\t\t<div class=\"elementor-container elementor-column-gap-wider\">\n\t\t\t\t\t\t\t<div class=\"elementor-row\">\n\t\t\t\t\t<div class=\"elementor-column elementor-col-33 elementor-inner-column elementor-element elementor-element-9647c03\" data-id=\"9647c03\" data-element_type=\"column\">\n\t\t\t<div class=\"elementor-column-wrap elementor-element-populated\">\n\t\t\t\t\t\t\t<div class=\"elementor-widget-wrap\">\n\t\t\t\t\t\t<div class=\"elementor-element elementor-element-545cf61 elementor-widget elementor-widget-image\" data-id=\"545cf61\" data-element_type=\"widget\" data-widget_type=\"image.default\">\n\t\t\t\t<div class=\"elementor-widget-container\">\n\t\t\t\t\t<div class=\"elementor-image\">\n\t\t\t\t\t\t\t\t\t\t<img width=\"1080\" height=\"1080\" src=\"https:\/\/adnativeagency.com\/wp-content\/uploads\/2020\/04\/Square-1.png\" class=\"attachment-full size-full\" alt=\"\" loading=\"lazy\" srcset=\"https:\/\/adnativeagency.com\/wp-content\/uploads\/2020\/04\/Square-1.png 1080w, https:\/\/adnativeagency.com\/wp-content\/uploads\/2020\/04\/Square-1-300x300.png 300w, https:\/\/adnativeagency.com\/wp-content\/uploads\/2020\/04\/Square-1-1024x1024.png 1024w, https:\/\/adnativeagency.com\/wp-content\/uploads\/2020\/04\/Square-1-150x150.png 150w, https:\/\/adnativeagency.com\/wp-content\/uploads\/2020\/04\/Square-1-768x768.png 768w\" sizes=\"(max-width: 1080px) 100vw, 1080px\" \/>\t\t\t\t\t\t\t\t\t\t\t<\/div>\n\t\t\t\t<\/div>\n\t\t\t\t<\/div>\n\t\t\t\t\t\t<\/div>\n\t\t\t\t\t<\/div>\n\t\t<\/div>\n\t\t\t\t<div class=\"elementor-column elementor-col-66 elementor-inner-column elementor-element elementor-element-d298567\" data-id=\"d298567\" data-element_type=\"column\">\n\t\t\t<div class=\"elementor-column-wrap elementor-element-populated\">\n\t\t\t\t\t\t\t<div class=\"elementor-widget-wrap\">\n\t\t\t\t\t\t<div class=\"elementor-element elementor-element-19e097a elementor-widget elementor-widget-text-editor\" data-id=\"19e097a\" data-element_type=\"widget\" data-widget_type=\"text-editor.default\">\n\t\t\t\t<div class=\"elementor-widget-container\">\n\t\t\t\t\t<div class=\"elementor-text-editor elementor-clearfix\"><h3><strong>Georgiana Bechis<\/strong><\/h3><h4><strong>Founder &amp; Digital Advertising Partner<\/strong><\/h4><p>Baz\u00e2ndu-se pe experien\u021ba vast\u0103 \u00een marketing \u0219i tehnologie, Georgiana a fondat AdNative Agency cu viziunea de a ajuta companiile s\u0103 \u00ee\u0219i ating\u0103 obiectivele de cre\u0219tere prin marketing digital.<\/p><p><span style=\"font-size: 16px;\">Anterior, Georgiana a lucrat pentru gigantul tech Google, unde a coordonat cel mai ambi\u021bios proiect de dezvoltare a competen\u021belor de marketing digital pentru tineri profesioni\u0219ti \u0219i companii, \u00een cadrul c\u0103ruia peste 10,000 de antreprenori \u0219i profesioni\u0219ti au dob\u00e2ndit noi competen\u021be digitale.<\/span><span style=\"font-size: 16px; font-style: normal; font-weight: 400;\">\u00a0a key role in upskilling over 10,000 young professionals and small businesses in online marketing, <span style=\"font-size: 16px;\">she has a torough understanding <\/span><\/span><span style=\"font-size: 16px;\">of how to unlock the power of online marketing to drive your business growth.<\/span><\/p><\/div>\n\t\t\t\t<\/div>\n\t\t\t\t<\/div>\n\t\t\t\t\t\t<\/div>\n\t\t\t\t\t<\/div>\n\t\t<\/div>\n\t\t\t\t\t\t\t\t<\/div>\n\t\t\t\t\t<\/div>\n\t\t<\/section>\n\t\t\t\t<section class=\"elementor-section elementor-inner-section elementor-element elementor-element-dd04b06 elementor-section-content-top elementor-reverse-mobile elementor-section-boxed elementor-section-height-default elementor-section-height-default\" data-id=\"dd04b06\" data-element_type=\"section\">\n\t\t\t\t\t\t<div class=\"elementor-container elementor-column-gap-wider\">\n\t\t\t\t\t\t\t<div class=\"elementor-row\">\n\t\t\t\t\t<div class=\"elementor-column elementor-col-66 elementor-inner-column elementor-element elementor-element-f72a500\" data-id=\"f72a500\" data-element_type=\"column\">\n\t\t\t<div class=\"elementor-column-wrap elementor-element-populated\">\n\t\t\t\t\t\t\t<div class=\"elementor-widget-wrap\">\n\t\t\t\t\t\t<div class=\"elementor-element elementor-element-3f57394 elementor-widget elementor-widget-text-editor\" data-id=\"3f57394\" data-element_type=\"widget\" data-widget_type=\"text-editor.default\">\n\t\t\t\t<div class=\"elementor-widget-container\">\n\t\t\t\t\t<div class=\"elementor-text-editor elementor-clearfix\"><h3><strong>Ana Padurariu<\/strong><\/h3><h4><strong>Brand Strategy Partner<\/strong><\/h4><p>Cu peste 10 ani de experien\u021b\u0103 \u00een B2C \u0219i B2B marketing management, comunicare \u0219i branding, Ana te va ajuta s\u0103 \u00ee\u0219i define\u0219ti identitatea \u0219i pozi\u021bionarea brandului \u00een mediul digital.<\/p><\/div>\n\t\t\t\t<\/div>\n\t\t\t\t<\/div>\n\t\t\t\t\t\t<\/div>\n\t\t\t\t\t<\/div>\n\t\t<\/div>\n\t\t\t\t<div class=\"elementor-column elementor-col-33 elementor-inner-column elementor-element elementor-element-1610fd6\" data-id=\"1610fd6\" data-element_type=\"column\">\n\t\t\t<div class=\"elementor-column-wrap elementor-element-populated\">\n\t\t\t\t\t\t\t<div class=\"elementor-widget-wrap\">\n\t\t\t\t\t\t<div class=\"elementor-element elementor-element-e3aa045 elementor-widget elementor-widget-image\" data-id=\"e3aa045\" data-element_type=\"widget\" data-widget_type=\"image.default\">\n\t\t\t\t<div class=\"elementor-widget-container\">\n\t\t\t\t\t<div class=\"elementor-image\">\n\t\t\t\t\t\t\t\t\t\t<img src=\"https:\/\/adnativeagency.com\/wp-content\/uploads\/elementor\/thumbs\/Ana-oonb2ty7hra52k16y2hhxjgg22lfc8e17pm7tqcchc.jpg\" title=\"Ana\" alt=\"Ana\" \/>\t\t\t\t\t\t\t\t\t\t\t<\/div>\n\t\t\t\t<\/div>\n\t\t\t\t<\/div>\n\t\t\t\t\t\t<\/div>\n\t\t\t\t\t<\/div>\n\t\t<\/div>\n\t\t\t\t\t\t\t\t<\/div>\n\t\t\t\t\t<\/div>\n\t\t<\/section>\n\t\t\t\t<section class=\"elementor-section elementor-inner-section elementor-element elementor-element-d36af3f elementor-section-content-top elementor-reverse-mobile elementor-section-boxed elementor-section-height-default elementor-section-height-default\" data-id=\"d36af3f\" data-element_type=\"section\">\n\t\t\t\t\t\t<div class=\"elementor-container elementor-column-gap-wider\">\n\t\t\t\t\t\t\t<div class=\"elementor-row\">\n\t\t\t\t\t<div class=\"elementor-column elementor-col-33 elementor-inner-column elementor-element elementor-element-158e9a4\" data-id=\"158e9a4\" data-element_type=\"column\">\n\t\t\t<div class=\"elementor-column-wrap elementor-element-populated\">\n\t\t\t\t\t\t\t<div class=\"elementor-widget-wrap\">\n\t\t\t\t\t\t<div class=\"elementor-element elementor-element-bc1aa30 elementor-widget elementor-widget-image\" data-id=\"bc1aa30\" data-element_type=\"widget\" data-widget_type=\"image.default\">\n\t\t\t\t<div class=\"elementor-widget-container\">\n\t\t\t\t\t<div class=\"elementor-image\">\n\t\t\t\t\t\t\t\t\t\t<img src=\"https:\/\/adnativeagency.com\/wp-content\/uploads\/elementor\/thumbs\/Luana-opughsx1jfm34isp2kx2v2n6q3dyehpjkpxvr6snjk.jpeg\" title=\"Luana\" alt=\"Luana\" \/>\t\t\t\t\t\t\t\t\t\t\t<\/div>\n\t\t\t\t<\/div>\n\t\t\t\t<\/div>\n\t\t\t\t\t\t<\/div>\n\t\t\t\t\t<\/div>\n\t\t<\/div>\n\t\t\t\t<div class=\"elementor-column elementor-col-66 elementor-inner-column elementor-element elementor-element-22cda33\" data-id=\"22cda33\" data-element_type=\"column\">\n\t\t\t<div class=\"elementor-column-wrap elementor-element-populated\">\n\t\t\t\t\t\t\t<div class=\"elementor-widget-wrap\">\n\t\t\t\t\t\t<div class=\"elementor-element elementor-element-0818de7 elementor-widget elementor-widget-text-editor\" data-id=\"0818de7\" data-element_type=\"widget\" data-widget_type=\"text-editor.default\">\n\t\t\t\t<div class=\"elementor-widget-container\">\n\t\t\t\t\t<div class=\"elementor-text-editor elementor-clearfix\"><h3><strong>Luana Codreanu<\/strong><\/h3><h4>Brand Design &amp; Influencer Marketing Partner\u00a0<\/h4><p>\u00a0<\/p><p>Cu experien\u021b\u0103 solid\u0103 \u00een creare de con\u021binut \u0219i influencer marketing, Luana te va ajuta s\u0103 \u00ee\u021bi spui povestea brandului prin creare de con\u021binut dinamic \u0219i inovativ, precum \u0219i campanii cu influenceri de top.\u00a0<\/p><\/div>\n\t\t\t\t<\/div>\n\t\t\t\t<\/div>\n\t\t\t\t\t\t<\/div>\n\t\t\t\t\t<\/div>\n\t\t<\/div>\n\t\t\t\t\t\t\t\t<\/div>\n\t\t\t\t\t<\/div>\n\t\t<\/section>\n\t\t\t\t\t\t<\/div>\n\t\t\t\t\t<\/div>\n\t\t<\/div>\n\t\t\t\t\t\t\t\t<\/div>\n\t\t\t\t\t<\/div>\n\t\t<\/section>\n\t\t\t\t\t\t<\/div>\n\t\t\t\t\t\t<\/div>\n\t\t\t\t\t<\/div>","protected":false},"excerpt":{"rendered":"<p>We\u2019re a team of experienced digital marketers, content creators and branding specialists\u00a0 We help small businesses drive online sales growth AdNative is a boutique digital agency bringing together a team of hands-on digital marketers, content creators and branding specialists to help small businesses grow their digital brand and online sales. Meet the team Georgiana Bechis &hellip;<\/p>\n<p class=\"read-more\"> <a class=\"\" href=\"https:\/\/adnativeagency.com\/ro\/about\/\"> <span class=\"screen-reader-text\">Despre noi<\/span> Read More &raquo;<\/a><\/p>","protected":false},"author":1,"featured_media":0,"parent":0,"menu_order":0,"comment_status":"closed","ping_status":"closed","template":"","meta":[],"uagb_featured_image_src":{"full":false,"thumbnail":false,"medium":false,"medium_large":false,"large":false,"1536x1536":false,"2048x2048":false,"trp-custom-language-flag":false},"uagb_author_info":{"display_name":"adnativeagency","author_link":"https:\/\/adnativeagency.com\/ro\/author\/adnativeagency\/"},"uagb_comment_info":0,"uagb_excerpt":"We\u2019re a team of experienced digital marketers, content creators and branding specialists\u00a0 We help small businesses drive online sales growth AdNative is a boutique digital agency bringing together a team of hands-on digital marketers, content creators and branding specialists to help small businesses grow their digital brand and online sales. Meet the team Georgiana Bechis&hellip;","yoast_head":"<!-- This site is optimized with the Yoast SEO plugin v14.8.1 - https:\/\/yoast.com\/wordpress\/plugins\/seo\/ -->\n<title>About | AdNative Agency | Your digital marketing agency<\/title>\n<meta name=\"description\" content=\"Digital marketing agency specialized in pay per click advertising.We help small businesses drive online sales growth via efficient campaigns on Google, Facebook and Instagram. Let&#039;s work together.\" \/>\n<meta name=\"robots\" content=\"index, follow\" \/>\n<meta name=\"googlebot\" content=\"index, follow, max-snippet:-1, max-image-preview:large, max-video-preview:-1\" \/>\n<meta name=\"bingbot\" content=\"index, follow, max-snippet:-1, max-image-preview:large, max-video-preview:-1\" \/>\n<link rel=\"canonical\" href=\"https:\/\/adnativeagency.com\/ro\/about\/\" \/>\n<meta property=\"og:locale\" content=\"ro_RO\" \/>\n<meta property=\"og:type\" content=\"article\" \/>\n<meta property=\"og:title\" content=\"About | AdNative Agency | Your digital marketing agency\" \/>\n<meta property=\"og:description\" content=\"Digital marketing agency specialized in pay per click advertising.We help small businesses drive online sales growth via efficient campaigns on Google, Facebook and Instagram. Let&#039;s work together.\" \/>\n<meta property=\"og:url\" content=\"https:\/\/adnativeagency.com\/ro\/about\/\" \/>\n<meta property=\"og:site_name\" content=\"AdNative Agency\" \/>\n<meta property=\"article:modified_time\" content=\"2024-04-17T15:19:18+00:00\" \/>\n<meta property=\"og:image\" content=\"https:\/\/adnativeagency.com\/wp-content\/uploads\/2020\/04\/Square-1.png\" \/>\n<meta name=\"twitter:card\" content=\"summary_large_image\" \/>\n<script type=\"application\/ld+json\" class=\"yoast-schema-graph\">{\"@context\":\"https:\/\/schema.org\",\"@graph\":[{\"@type\":\"WebSite\",\"@id\":\"https:\/\/adnativeagency.com\/ro\/#website\",\"url\":\"https:\/\/adnativeagency.com\/ro\/\",\"name\":\"AdNative Agency\",\"description\":\"AdNative Agency\",\"potentialAction\":[{\"@type\":\"SearchAction\",\"target\":\"https:\/\/adnativeagency.com\/ro\/?s={search_term_string}\",\"query-input\":\"required name=search_term_string\"}],\"inLanguage\":\"ro-RO\"},{\"@type\":\"ImageObject\",\"@id\":\"https:\/\/adnativeagency.com\/about\/#primaryimage\",\"inLanguage\":\"ro-RO\",\"url\":\"https:\/\/adnativeagency.com\/wp-content\/uploads\/2020\/04\/Square-1.png\",\"width\":1080,\"height\":1080},{\"@type\":\"WebPage\",\"@id\":\"https:\/\/adnativeagency.com\/about\/#webpage\",\"url\":\"https:\/\/adnativeagency.com\/about\/\",\"name\":\"About | AdNative Agency | Your digital marketing agency\",\"isPartOf\":{\"@id\":\"https:\/\/adnativeagency.com\/ro\/#website\"},\"primaryImageOfPage\":{\"@id\":\"https:\/\/adnativeagency.com\/about\/#primaryimage\"},\"datePublished\":\"2018-11-26T12:45:57+00:00\",\"dateModified\":\"2024-04-17T15:19:18+00:00\",\"description\":\"Digital marketing agency specialized in pay per click advertising.We help small businesses drive online sales growth via efficient campaigns on Google, Facebook and Instagram. Let's work together.\",\"inLanguage\":\"ro-RO\",\"potentialAction\":[{\"@type\":\"ReadAction\",\"target\":[\"https:\/\/adnativeagency.com\/about\/\"]}]}]}<\/script>\n<!-- \/ Yoast SEO plugin. -->","_links":{"self":[{"href":"https:\/\/adnativeagency.com\/ro\/wp-json\/wp\/v2\/pages\/11"}],"collection":[{"href":"https:\/\/adnativeagency.com\/ro\/wp-json\/wp\/v2\/pages"}],"about":[{"href":"https:\/\/adnativeagency.com\/ro\/wp-json\/wp\/v2\/types\/page"}],"author":[{"embeddable":true,"href":"https:\/\/adnativeagency.com\/ro\/wp-json\/wp\/v2\/users\/1"}],"replies":[{"embeddable":true,"href":"https:\/\/adnativeagency.com\/ro\/wp-json\/wp\/v2\/comments?post=11"}],"version-history":[{"count":41,"href":"https:\/\/adnativeagency.com\/ro\/wp-json\/wp\/v2\/pages\/11\/revisions"}],"predecessor-version":[{"id":1318,"href":"https:\/\/adnativeagency.com\/ro\/wp-json\/wp\/v2\/pages\/11\/revisions\/1318"}],"wp:attachment":[{"href":"https:\/\/adnativeagency.com\/ro\/wp-json\/wp\/v2\/media?parent=11"}],"curies":[{"name":"wp","href":"https:\/\/api.w.org\/{rel}","templated":true}]}}